{"id":126,"date":"2024-04-18T17:43:55","date_gmt":"2024-04-18T17:43:55","guid":{"rendered":"https:\/\/nimitsaitis.nl\/?page_id=126"},"modified":"2026-03-19T11:46:01","modified_gmt":"2026-03-19T11:46:01","slug":"nijs","status":"publish","type":"page","link":"https:\/\/nimitsaitis.nl\/?page_id=126","title":{"rendered":"Nijs"},"content":{"rendered":"\n<p>De Spanjaarden binne fuort en lokkich is de oarloch foarby&#8230;.<\/p>\n\n\n\n<p>De Lytse Fjouwere wie dit wykein it dek\u00f4r fan de Slach by Boksum; toanielstik Bokke&#8217;s besonjes, spile troch wol 14 doarpsbewenners \u00fat de Fjouwer doarpen. Tank oan elkenien, dy &#8216;t \u00fas holpen hat, by \u00fas stik west hat te sjen of op in oare manier belutsen wie. It wie wer in geweldich wykein!<\/p>\n\n\n\n<figure class=\"wp-block-image size-full\"><img loading=\"lazy\" decoding=\"async\" width=\"500\" height=\"333\" src=\"https:\/\/nimitsaitis.nl\/wp-content\/uploads\/2026\/03\/downloaden-1.png\" alt=\"\" class=\"wp-image-226\" srcset=\"https:\/\/nimitsaitis.nl\/wp-content\/uploads\/2026\/03\/downloaden-1.png 500w, https:\/\/nimitsaitis.nl\/wp-content\/uploads\/2026\/03\/downloaden-1-300x200.png 300w\" sizes=\"auto, (max-width: 500px) 100vw, 500px\" \/><\/figure>\n\n\n\n<figure class=\"wp-block-gallery has-nested-images columns-default is-cropped wp-block-gallery-1 is-layout-flex wp-block-gallery-is-layout-flex\">\n<figure class=\"wp-block-image size-large\"><img loading=\"lazy\" decoding=\"async\" width=\"500\" height=\"333\" data-id=\"229\" src=\"https:\/\/nimitsaitis.nl\/wp-content\/uploads\/2026\/03\/hilda-klein.png\" alt=\"\" class=\"wp-image-229\" srcset=\"https:\/\/nimitsaitis.nl\/wp-content\/uploads\/2026\/03\/hilda-klein.png 500w, https:\/\/nimitsaitis.nl\/wp-content\/uploads\/2026\/03\/hilda-klein-300x200.png 300w\" sizes=\"auto, (max-width: 500px) 100vw, 500px\" \/><\/figure>\n\n\n\n<figure class=\"wp-block-image size-large\"><img loading=\"lazy\" decoding=\"async\" width=\"500\" height=\"333\" data-id=\"230\" src=\"https:\/\/nimitsaitis.nl\/wp-content\/uploads\/2026\/03\/zakken-klein.png\" alt=\"\" class=\"wp-image-230\" srcset=\"https:\/\/nimitsaitis.nl\/wp-content\/uploads\/2026\/03\/zakken-klein.png 500w, https:\/\/nimitsaitis.nl\/wp-content\/uploads\/2026\/03\/zakken-klein-300x200.png 300w\" sizes=\"auto, (max-width: 500px) 100vw, 500px\" \/><\/figure>\n<\/figure>\n\n\n\n<figure class=\"wp-block-gallery has-nested-images columns-default is-cropped wp-block-gallery-2 is-layout-flex wp-block-gallery-is-layout-flex\">\n<figure class=\"wp-block-image size-large\"><img loading=\"lazy\" decoding=\"async\" width=\"500\" height=\"333\" data-id=\"231\" src=\"https:\/\/nimitsaitis.nl\/wp-content\/uploads\/2026\/03\/groep-klein.png\" alt=\"\" class=\"wp-image-231\" srcset=\"https:\/\/nimitsaitis.nl\/wp-content\/uploads\/2026\/03\/groep-klein.png 500w, https:\/\/nimitsaitis.nl\/wp-content\/uploads\/2026\/03\/groep-klein-300x200.png 300w\" sizes=\"auto, (max-width: 500px) 100vw, 500px\" \/><\/figure>\n\n\n\n<figure class=\"wp-block-image size-large\"><img loading=\"lazy\" decoding=\"async\" width=\"500\" height=\"333\" data-id=\"232\" src=\"https:\/\/nimitsaitis.nl\/wp-content\/uploads\/2026\/03\/wouter-klein-2.png\" alt=\"\" class=\"wp-image-232\" srcset=\"https:\/\/nimitsaitis.nl\/wp-content\/uploads\/2026\/03\/wouter-klein-2.png 500w, https:\/\/nimitsaitis.nl\/wp-content\/uploads\/2026\/03\/wouter-klein-2-300x200.png 300w\" sizes=\"auto, (max-width: 500px) 100vw, 500px\" \/><\/figure>\n<\/figure>\n\n\n\n<p><\/p>\n\n\n\n<p><strong>Bokke&#8217;s Besonjes 13 &amp; 14 maart 2026<\/strong><br>It is alwer febrewaris en d\u00earom tiid om jimme wat op te waarmjen foar \u00fas toanielstik fan dit jier! Wy spylje op 13 en 14 maart &#8216;Bokke\u2019s besonjes&#8217; yn de Lytse Fjouwere yn Itens.<\/p>\n\n\n\n<p>It stik spilet om \u00f4f yn it dek\u00f4r fan it jier 1586, as Frysl\u00e2n beset is troch de Spanjaarden. Yn Boksum eksploitearje Bokke en syn frou Akke herberch \u2018It L\u00easte Swolchje\u2019. Harren klanten binne sawol oanhingers as tsjinstanners fan de Spanjaarden. En dat leveret frjemde situaasjes op\u2026<\/p>\n\n\n\n<p>Bokke\u2019s besonjes\u2019 is in \u2018doldwaze\u2019 komeedzje fol ferwikselingen en foarfallen, w\u00ear &#8216;t fan alles in bart en mei in ferrassend slot.<\/p>\n\n\n\n<figure class=\"wp-block-image size-large\"><img loading=\"lazy\" decoding=\"async\" width=\"512\" height=\"1024\" src=\"https:\/\/nimitsaitis.nl\/wp-content\/uploads\/2026\/02\/Poster-21x42-cm-1-1-512x1024.jpg\" alt=\"\" class=\"wp-image-215\" srcset=\"https:\/\/nimitsaitis.nl\/wp-content\/uploads\/2026\/02\/Poster-21x42-cm-1-1-512x1024.jpg 512w, https:\/\/nimitsaitis.nl\/wp-content\/uploads\/2026\/02\/Poster-21x42-cm-1-1-150x300.jpg 150w, https:\/\/nimitsaitis.nl\/wp-content\/uploads\/2026\/02\/Poster-21x42-cm-1-1-768x1536.jpg 768w, https:\/\/nimitsaitis.nl\/wp-content\/uploads\/2026\/02\/Poster-21x42-cm-1-1-1024x2048.jpg 1024w, https:\/\/nimitsaitis.nl\/wp-content\/uploads\/2026\/02\/Poster-21x42-cm-1-1-1568x3135.jpg 1568w, https:\/\/nimitsaitis.nl\/wp-content\/uploads\/2026\/02\/Poster-21x42-cm-1-1-scaled.jpg 1280w\" sizes=\"auto, (max-width: 512px) 100vw, 512px\" \/><\/figure>\n\n\n\n<p><br><br><br><br><br><br><\/p>\n\n\n\n<p><strong>\u00datfiering maart 2025<\/strong> &#8216;Set mar op &#8216;e rekken&#8217;<\/p>\n\n\n\n<figure class=\"wp-block-image size-large\"><img loading=\"lazy\" decoding=\"async\" width=\"1024\" height=\"1024\" src=\"https:\/\/nimitsaitis.nl\/wp-content\/uploads\/2026\/01\/groep-1024x1024.jpg\" alt=\"\" class=\"wp-image-170\" srcset=\"https:\/\/nimitsaitis.nl\/wp-content\/uploads\/2026\/01\/groep-1024x1024.jpg 1024w, https:\/\/nimitsaitis.nl\/wp-content\/uploads\/2026\/01\/groep-300x300.jpg 300w, https:\/\/nimitsaitis.nl\/wp-content\/uploads\/2026\/01\/groep-150x150.jpg 150w, https:\/\/nimitsaitis.nl\/wp-content\/uploads\/2026\/01\/groep-768x768.jpg 768w, https:\/\/nimitsaitis.nl\/wp-content\/uploads\/2026\/01\/groep.jpg 1500w\" sizes=\"auto, (max-width: 1024px) 100vw, 1024px\" \/><\/figure>\n\n\n\n<p>Doarpsh\u00fbs de Lytse Fjouwere wie yn maart in wykein lang feroare yn camping &#8220;Marsicht&#8217;. Wat moai dat jimme der allegear wiene om nei \u00fas \u00fatfieringen te sjen. Wy hawwe genoaten! Tank oan elkenien, dy &#8216;t \u00fas holpen hat, by \u00fas stik west hat te sjen of op in oare manier belutsen wie. It wie wer in geweldich wykein!<\/p>\n\n\n\n<figure class=\"wp-block-gallery has-nested-images columns-default is-cropped wp-block-gallery-3 is-layout-flex wp-block-gallery-is-layout-flex\">\n<figure class=\"wp-block-image size-large\"><img loading=\"lazy\" decoding=\"async\" width=\"1024\" height=\"1024\" data-id=\"178\" src=\"https:\/\/nimitsaitis.nl\/wp-content\/uploads\/2026\/01\/annie-kopie-2-1024x1024.jpg\" alt=\"\" class=\"wp-image-178\" srcset=\"https:\/\/nimitsaitis.nl\/wp-content\/uploads\/2026\/01\/annie-kopie-2-1024x1024.jpg 1024w, https:\/\/nimitsaitis.nl\/wp-content\/uploads\/2026\/01\/annie-kopie-2-300x300.jpg 300w, https:\/\/nimitsaitis.nl\/wp-content\/uploads\/2026\/01\/annie-kopie-2-150x150.jpg 150w, https:\/\/nimitsaitis.nl\/wp-content\/uploads\/2026\/01\/annie-kopie-2-768x768.jpg 768w, https:\/\/nimitsaitis.nl\/wp-content\/uploads\/2026\/01\/annie-kopie-2-1536x1536.jpg 1536w, https:\/\/nimitsaitis.nl\/wp-content\/uploads\/2026\/01\/annie-kopie-2-1568x1568.jpg 1568w, https:\/\/nimitsaitis.nl\/wp-content\/uploads\/2026\/01\/annie-kopie-2.jpg 2048w\" sizes=\"auto, (max-width: 1024px) 100vw, 1024px\" \/><\/figure>\n\n\n\n<figure class=\"wp-block-image size-large\"><img loading=\"lazy\" decoding=\"async\" width=\"1024\" height=\"1024\" data-id=\"182\" src=\"https:\/\/nimitsaitis.nl\/wp-content\/uploads\/2026\/01\/arabier-kopie-3-1024x1024.jpg\" alt=\"\" class=\"wp-image-182\" srcset=\"https:\/\/nimitsaitis.nl\/wp-content\/uploads\/2026\/01\/arabier-kopie-3-1024x1024.jpg 1024w, https:\/\/nimitsaitis.nl\/wp-content\/uploads\/2026\/01\/arabier-kopie-3-300x300.jpg 300w, https:\/\/nimitsaitis.nl\/wp-content\/uploads\/2026\/01\/arabier-kopie-3-150x150.jpg 150w, https:\/\/nimitsaitis.nl\/wp-content\/uploads\/2026\/01\/arabier-kopie-3-768x768.jpg 768w, https:\/\/nimitsaitis.nl\/wp-content\/uploads\/2026\/01\/arabier-kopie-3-1536x1536.jpg 1536w, https:\/\/nimitsaitis.nl\/wp-content\/uploads\/2026\/01\/arabier-kopie-3-1568x1568.jpg 1568w, https:\/\/nimitsaitis.nl\/wp-content\/uploads\/2026\/01\/arabier-kopie-3.jpg 2048w\" sizes=\"auto, (max-width: 1024px) 100vw, 1024px\" \/><\/figure>\n\n\n\n<figure class=\"wp-block-image size-large\"><img loading=\"lazy\" decoding=\"async\" width=\"1024\" height=\"1024\" data-id=\"184\" src=\"https:\/\/nimitsaitis.nl\/wp-content\/uploads\/2026\/01\/bh-kopie-kopie-1024x1024.jpg\" alt=\"\" class=\"wp-image-184\" srcset=\"https:\/\/nimitsaitis.nl\/wp-content\/uploads\/2026\/01\/bh-kopie-kopie-1024x1024.jpg 1024w, https:\/\/nimitsaitis.nl\/wp-content\/uploads\/2026\/01\/bh-kopie-kopie-300x300.jpg 300w, https:\/\/nimitsaitis.nl\/wp-content\/uploads\/2026\/01\/bh-kopie-kopie-150x150.jpg 150w, https:\/\/nimitsaitis.nl\/wp-content\/uploads\/2026\/01\/bh-kopie-kopie-768x768.jpg 768w, https:\/\/nimitsaitis.nl\/wp-content\/uploads\/2026\/01\/bh-kopie-kopie-1536x1536.jpg 1536w, https:\/\/nimitsaitis.nl\/wp-content\/uploads\/2026\/01\/bh-kopie-kopie-1568x1568.jpg 1568w, https:\/\/nimitsaitis.nl\/wp-content\/uploads\/2026\/01\/bh-kopie-kopie.jpg 2048w\" sizes=\"auto, (max-width: 1024px) 100vw, 1024px\" \/><\/figure>\n\n\n\n<figure class=\"wp-block-image size-large\"><img loading=\"lazy\" decoding=\"async\" width=\"1024\" height=\"1024\" data-id=\"179\" src=\"https:\/\/nimitsaitis.nl\/wp-content\/uploads\/2026\/01\/dick-kopie-3-1024x1024.jpg\" alt=\"\" class=\"wp-image-179\" srcset=\"https:\/\/nimitsaitis.nl\/wp-content\/uploads\/2026\/01\/dick-kopie-3-1024x1024.jpg 1024w, https:\/\/nimitsaitis.nl\/wp-content\/uploads\/2026\/01\/dick-kopie-3-300x300.jpg 300w, https:\/\/nimitsaitis.nl\/wp-content\/uploads\/2026\/01\/dick-kopie-3-150x150.jpg 150w, https:\/\/nimitsaitis.nl\/wp-content\/uploads\/2026\/01\/dick-kopie-3-768x768.jpg 768w, https:\/\/nimitsaitis.nl\/wp-content\/uploads\/2026\/01\/dick-kopie-3-1536x1536.jpg 1536w, https:\/\/nimitsaitis.nl\/wp-content\/uploads\/2026\/01\/dick-kopie-3-1568x1568.jpg 1568w, https:\/\/nimitsaitis.nl\/wp-content\/uploads\/2026\/01\/dick-kopie-3.jpg 2048w\" sizes=\"auto, (max-width: 1024px) 100vw, 1024px\" \/><\/figure>\n\n\n\n<figure class=\"wp-block-image size-large\"><img loading=\"lazy\" decoding=\"async\" width=\"1024\" height=\"1024\" data-id=\"189\" src=\"https:\/\/nimitsaitis.nl\/wp-content\/uploads\/2026\/01\/dronken-kopie-2-1024x1024.jpg\" alt=\"\" class=\"wp-image-189\" srcset=\"https:\/\/nimitsaitis.nl\/wp-content\/uploads\/2026\/01\/dronken-kopie-2-1024x1024.jpg 1024w, https:\/\/nimitsaitis.nl\/wp-content\/uploads\/2026\/01\/dronken-kopie-2-300x300.jpg 300w, https:\/\/nimitsaitis.nl\/wp-content\/uploads\/2026\/01\/dronken-kopie-2-150x150.jpg 150w, https:\/\/nimitsaitis.nl\/wp-content\/uploads\/2026\/01\/dronken-kopie-2-768x768.jpg 768w, https:\/\/nimitsaitis.nl\/wp-content\/uploads\/2026\/01\/dronken-kopie-2-1536x1536.jpg 1536w, https:\/\/nimitsaitis.nl\/wp-content\/uploads\/2026\/01\/dronken-kopie-2-1568x1568.jpg 1568w, https:\/\/nimitsaitis.nl\/wp-content\/uploads\/2026\/01\/dronken-kopie-2.jpg 2048w\" sizes=\"auto, (max-width: 1024px) 100vw, 1024px\" \/><\/figure>\n\n\n\n<figure class=\"wp-block-image size-large\"><img loading=\"lazy\" decoding=\"async\" width=\"1024\" height=\"1024\" data-id=\"190\" src=\"https:\/\/nimitsaitis.nl\/wp-content\/uploads\/2026\/01\/fred-kopie-2-kopie-1024x1024.jpg\" alt=\"\" class=\"wp-image-190\" srcset=\"https:\/\/nimitsaitis.nl\/wp-content\/uploads\/2026\/01\/fred-kopie-2-kopie-1024x1024.jpg 1024w, https:\/\/nimitsaitis.nl\/wp-content\/uploads\/2026\/01\/fred-kopie-2-kopie-300x300.jpg 300w, https:\/\/nimitsaitis.nl\/wp-content\/uploads\/2026\/01\/fred-kopie-2-kopie-150x150.jpg 150w, https:\/\/nimitsaitis.nl\/wp-content\/uploads\/2026\/01\/fred-kopie-2-kopie-768x768.jpg 768w, https:\/\/nimitsaitis.nl\/wp-content\/uploads\/2026\/01\/fred-kopie-2-kopie-1536x1536.jpg 1536w, https:\/\/nimitsaitis.nl\/wp-content\/uploads\/2026\/01\/fred-kopie-2-kopie-1568x1568.jpg 1568w, https:\/\/nimitsaitis.nl\/wp-content\/uploads\/2026\/01\/fred-kopie-2-kopie.jpg 2048w\" sizes=\"auto, (max-width: 1024px) 100vw, 1024px\" \/><\/figure>\n\n\n\n<figure class=\"wp-block-image size-large\"><img loading=\"lazy\" decoding=\"async\" width=\"1024\" height=\"1024\" data-id=\"181\" src=\"https:\/\/nimitsaitis.nl\/wp-content\/uploads\/2026\/01\/irene-kopie-kopie-1024x1024.jpg\" alt=\"\" class=\"wp-image-181\" srcset=\"https:\/\/nimitsaitis.nl\/wp-content\/uploads\/2026\/01\/irene-kopie-kopie-1024x1024.jpg 1024w, https:\/\/nimitsaitis.nl\/wp-content\/uploads\/2026\/01\/irene-kopie-kopie-300x300.jpg 300w, https:\/\/nimitsaitis.nl\/wp-content\/uploads\/2026\/01\/irene-kopie-kopie-150x150.jpg 150w, https:\/\/nimitsaitis.nl\/wp-content\/uploads\/2026\/01\/irene-kopie-kopie-768x768.jpg 768w, https:\/\/nimitsaitis.nl\/wp-content\/uploads\/2026\/01\/irene-kopie-kopie-1536x1536.jpg 1536w, https:\/\/nimitsaitis.nl\/wp-content\/uploads\/2026\/01\/irene-kopie-kopie-1568x1568.jpg 1568w, https:\/\/nimitsaitis.nl\/wp-content\/uploads\/2026\/01\/irene-kopie-kopie.jpg 2048w\" sizes=\"auto, (max-width: 1024px) 100vw, 1024px\" \/><\/figure>\n\n\n\n<figure class=\"wp-block-image size-large\"><img loading=\"lazy\" decoding=\"async\" width=\"1024\" height=\"1024\" data-id=\"188\" src=\"https:\/\/nimitsaitis.nl\/wp-content\/uploads\/2026\/01\/karel-kopie-2-1024x1024.jpg\" alt=\"\" class=\"wp-image-188\" srcset=\"https:\/\/nimitsaitis.nl\/wp-content\/uploads\/2026\/01\/karel-kopie-2-1024x1024.jpg 1024w, https:\/\/nimitsaitis.nl\/wp-content\/uploads\/2026\/01\/karel-kopie-2-300x300.jpg 300w, https:\/\/nimitsaitis.nl\/wp-content\/uploads\/2026\/01\/karel-kopie-2-150x150.jpg 150w, https:\/\/nimitsaitis.nl\/wp-content\/uploads\/2026\/01\/karel-kopie-2-768x768.jpg 768w, https:\/\/nimitsaitis.nl\/wp-content\/uploads\/2026\/01\/karel-kopie-2-1536x1536.jpg 1536w, https:\/\/nimitsaitis.nl\/wp-content\/uploads\/2026\/01\/karel-kopie-2-1568x1568.jpg 1568w, https:\/\/nimitsaitis.nl\/wp-content\/uploads\/2026\/01\/karel-kopie-2.jpg 2048w\" sizes=\"auto, (max-width: 1024px) 100vw, 1024px\" \/><\/figure>\n\n\n\n<figure class=\"wp-block-image size-large\"><img loading=\"lazy\" decoding=\"async\" width=\"1024\" height=\"1024\" data-id=\"183\" src=\"https:\/\/nimitsaitis.nl\/wp-content\/uploads\/2026\/01\/kracht-kopie-2-1024x1024.jpg\" alt=\"\" class=\"wp-image-183\" srcset=\"https:\/\/nimitsaitis.nl\/wp-content\/uploads\/2026\/01\/kracht-kopie-2-1024x1024.jpg 1024w, https:\/\/nimitsaitis.nl\/wp-content\/uploads\/2026\/01\/kracht-kopie-2-300x300.jpg 300w, https:\/\/nimitsaitis.nl\/wp-content\/uploads\/2026\/01\/kracht-kopie-2-150x150.jpg 150w, https:\/\/nimitsaitis.nl\/wp-content\/uploads\/2026\/01\/kracht-kopie-2-768x768.jpg 768w, https:\/\/nimitsaitis.nl\/wp-content\/uploads\/2026\/01\/kracht-kopie-2-1536x1536.jpg 1536w, https:\/\/nimitsaitis.nl\/wp-content\/uploads\/2026\/01\/kracht-kopie-2-1568x1568.jpg 1568w, https:\/\/nimitsaitis.nl\/wp-content\/uploads\/2026\/01\/kracht-kopie-2.jpg 2048w\" sizes=\"auto, (max-width: 1024px) 100vw, 1024px\" \/><\/figure>\n\n\n\n<figure class=\"wp-block-image size-large\"><img loading=\"lazy\" decoding=\"async\" width=\"1024\" height=\"1024\" data-id=\"180\" src=\"https:\/\/nimitsaitis.nl\/wp-content\/uploads\/2026\/01\/rein-1-1024x1024.jpg\" alt=\"\" class=\"wp-image-180\" srcset=\"https:\/\/nimitsaitis.nl\/wp-content\/uploads\/2026\/01\/rein-1-1024x1024.jpg 1024w, https:\/\/nimitsaitis.nl\/wp-content\/uploads\/2026\/01\/rein-1-300x300.jpg 300w, https:\/\/nimitsaitis.nl\/wp-content\/uploads\/2026\/01\/rein-1-150x150.jpg 150w, https:\/\/nimitsaitis.nl\/wp-content\/uploads\/2026\/01\/rein-1-768x768.jpg 768w, https:\/\/nimitsaitis.nl\/wp-content\/uploads\/2026\/01\/rein-1-1536x1536.jpg 1536w, https:\/\/nimitsaitis.nl\/wp-content\/uploads\/2026\/01\/rein-1-1568x1568.jpg 1568w, https:\/\/nimitsaitis.nl\/wp-content\/uploads\/2026\/01\/rein-1.jpg 2048w\" sizes=\"auto, (max-width: 1024px) 100vw, 1024px\" \/><\/figure>\n\n\n\n<figure class=\"wp-block-image size-large\"><img loading=\"lazy\" decoding=\"async\" width=\"1024\" height=\"1024\" data-id=\"185\" src=\"https:\/\/nimitsaitis.nl\/wp-content\/uploads\/2026\/01\/tent-1-1024x1024.jpg\" alt=\"\" class=\"wp-image-185\" srcset=\"https:\/\/nimitsaitis.nl\/wp-content\/uploads\/2026\/01\/tent-1-1024x1024.jpg 1024w, https:\/\/nimitsaitis.nl\/wp-content\/uploads\/2026\/01\/tent-1-300x300.jpg 300w, https:\/\/nimitsaitis.nl\/wp-content\/uploads\/2026\/01\/tent-1-150x150.jpg 150w, https:\/\/nimitsaitis.nl\/wp-content\/uploads\/2026\/01\/tent-1-768x768.jpg 768w, https:\/\/nimitsaitis.nl\/wp-content\/uploads\/2026\/01\/tent-1-1536x1536.jpg 1536w, https:\/\/nimitsaitis.nl\/wp-content\/uploads\/2026\/01\/tent-1-1568x1568.jpg 1568w, https:\/\/nimitsaitis.nl\/wp-content\/uploads\/2026\/01\/tent-1.jpg 2048w\" sizes=\"auto, (max-width: 1024px) 100vw, 1024px\" \/><\/figure>\n\n\n\n<figure class=\"wp-block-image size-large\"><img loading=\"lazy\" decoding=\"async\" width=\"1024\" height=\"1024\" data-id=\"186\" src=\"https:\/\/nimitsaitis.nl\/wp-content\/uploads\/2026\/01\/tinte-1024x1024.jpg\" alt=\"\" class=\"wp-image-186\" srcset=\"https:\/\/nimitsaitis.nl\/wp-content\/uploads\/2026\/01\/tinte-1024x1024.jpg 1024w, https:\/\/nimitsaitis.nl\/wp-content\/uploads\/2026\/01\/tinte-300x300.jpg 300w, https:\/\/nimitsaitis.nl\/wp-content\/uploads\/2026\/01\/tinte-150x150.jpg 150w, https:\/\/nimitsaitis.nl\/wp-content\/uploads\/2026\/01\/tinte-768x768.jpg 768w, https:\/\/nimitsaitis.nl\/wp-content\/uploads\/2026\/01\/tinte-1536x1536.jpg 1536w, https:\/\/nimitsaitis.nl\/wp-content\/uploads\/2026\/01\/tinte-1568x1568.jpg 1568w, https:\/\/nimitsaitis.nl\/wp-content\/uploads\/2026\/01\/tinte.jpg 2048w\" sizes=\"auto, (max-width: 1024px) 100vw, 1024px\" \/><\/figure>\n\n\n\n<figure class=\"wp-block-image size-large\"><img loading=\"lazy\" decoding=\"async\" width=\"1024\" height=\"1024\" data-id=\"187\" src=\"https:\/\/nimitsaitis.nl\/wp-content\/uploads\/2026\/01\/verkoop-spullen-1024x1024.jpg\" alt=\"\" class=\"wp-image-187\" srcset=\"https:\/\/nimitsaitis.nl\/wp-content\/uploads\/2026\/01\/verkoop-spullen-1024x1024.jpg 1024w, https:\/\/nimitsaitis.nl\/wp-content\/uploads\/2026\/01\/verkoop-spullen-300x300.jpg 300w, https:\/\/nimitsaitis.nl\/wp-content\/uploads\/2026\/01\/verkoop-spullen-150x150.jpg 150w, https:\/\/nimitsaitis.nl\/wp-content\/uploads\/2026\/01\/verkoop-spullen-768x768.jpg 768w, https:\/\/nimitsaitis.nl\/wp-content\/uploads\/2026\/01\/verkoop-spullen-1536x1536.jpg 1536w, https:\/\/nimitsaitis.nl\/wp-content\/uploads\/2026\/01\/verkoop-spullen-1568x1568.jpg 1568w, https:\/\/nimitsaitis.nl\/wp-content\/uploads\/2026\/01\/verkoop-spullen.jpg 2048w\" sizes=\"auto, (max-width: 1024px) 100vw, 1024px\" \/><\/figure>\n<\/figure>\n\n\n\n<p><\/p>\n\n\n\n<h2 class=\"wp-block-heading\">\u00datfiering 2024 It bedimjen fan de njirre<\/h2>\n\n\n\n<figure class=\"wp-block-image size-full\"><img loading=\"lazy\" decoding=\"async\" width=\"500\" height=\"333\" src=\"https:\/\/nimitsaitis.nl\/wp-content\/uploads\/2024\/04\/groep-1.jpg\" alt=\"\" class=\"wp-image-130\" srcset=\"https:\/\/nimitsaitis.nl\/wp-content\/uploads\/2024\/04\/groep-1.jpg 500w, https:\/\/nimitsaitis.nl\/wp-content\/uploads\/2024\/04\/groep-1-300x200.jpg 300w\" sizes=\"auto, (max-width: 500px) 100vw, 500px\" \/><figcaption class=\"wp-element-caption\">oplus_32<\/figcaption><\/figure>\n\n\n\n<p>In pear reaksjes:<\/p>\n\n\n\n<p>&#8216;Het kwam voor mij over als een goed gestroomlijnd stuk met mooie, grappige en emotionele sc\u00e8nes. Iedereen zat goed in zijn\/haar rol. Wat voor mij altijd belangrijk is, is het speelplezier en dat je merkt dat de spelers het ook leuk vinden. Dat gaf mij als publiek zijnde een goed gevoel&#8217;<\/p>\n\n\n\n<p>&#8216;Wat hat Toanielgroep Nim it sa &#8216;t is wer in prachtige foarstelling makke. Je komme eagen tekoart om net allinne te letten op de minsken mei tekst, mar foaral ek op de minsken s\u00fbnder tekst.<\/p>\n\n\n\n<p>Der wurdt aardich wat lake en gniffele om de mimyk, it \u00fatbylden fan wurden en de lytse gedetailleerde grapkes.<\/p>\n\n\n\n<p>In ekstra kompliment is der foar regisiseuse Friek Kosse: wat hellet sy de kwaliteiten fan de spilers goed nei boppe ta!<\/p>\n\n\n\n<p>It wie wer in prachtj\u00fbn! Alle minsken die&#8217;t meiwurke ha, tankjewol!<\/p>\n\n\n\n<figure class=\"wp-block-gallery has-nested-images columns-default is-cropped wp-block-gallery-4 is-layout-flex wp-block-gallery-is-layout-flex\">\n<figure class=\"wp-block-image size-large\"><img loading=\"lazy\" decoding=\"async\" width=\"500\" height=\"333\" data-id=\"134\" src=\"https:\/\/nimitsaitis.nl\/wp-content\/uploads\/2024\/04\/thea-lm-klein.jpg\" alt=\"\" class=\"wp-image-134\" srcset=\"https:\/\/nimitsaitis.nl\/wp-content\/uploads\/2024\/04\/thea-lm-klein.jpg 500w, https:\/\/nimitsaitis.nl\/wp-content\/uploads\/2024\/04\/thea-lm-klein-300x200.jpg 300w\" sizes=\"auto, (max-width: 500px) 100vw, 500px\" \/><\/figure>\n\n\n\n<figure class=\"wp-block-image size-large\"><img loading=\"lazy\" decoding=\"async\" width=\"500\" height=\"333\" data-id=\"136\" src=\"https:\/\/nimitsaitis.nl\/wp-content\/uploads\/2024\/04\/3-klein.jpg\" alt=\"\" class=\"wp-image-136\" srcset=\"https:\/\/nimitsaitis.nl\/wp-content\/uploads\/2024\/04\/3-klein.jpg 500w, https:\/\/nimitsaitis.nl\/wp-content\/uploads\/2024\/04\/3-klein-300x200.jpg 300w\" sizes=\"auto, (max-width: 500px) 100vw, 500px\" \/><\/figure>\n\n\n\n<figure class=\"wp-block-image size-large\"><img loading=\"lazy\" decoding=\"async\" width=\"500\" height=\"333\" data-id=\"137\" src=\"https:\/\/nimitsaitis.nl\/wp-content\/uploads\/2024\/04\/borden-klein.jpg\" alt=\"\" class=\"wp-image-137\" srcset=\"https:\/\/nimitsaitis.nl\/wp-content\/uploads\/2024\/04\/borden-klein.jpg 500w, https:\/\/nimitsaitis.nl\/wp-content\/uploads\/2024\/04\/borden-klein-300x200.jpg 300w\" sizes=\"auto, (max-width: 500px) 100vw, 500px\" \/><\/figure>\n\n\n\n<figure class=\"wp-block-image size-large\"><img loading=\"lazy\" decoding=\"async\" width=\"500\" height=\"333\" data-id=\"139\" src=\"https:\/\/nimitsaitis.nl\/wp-content\/uploads\/2024\/04\/IMG_5056-klein.jpg\" alt=\"\" class=\"wp-image-139\" srcset=\"https:\/\/nimitsaitis.nl\/wp-content\/uploads\/2024\/04\/IMG_5056-klein.jpg 500w, https:\/\/nimitsaitis.nl\/wp-content\/uploads\/2024\/04\/IMG_5056-klein-300x200.jpg 300w\" sizes=\"auto, (max-width: 500px) 100vw, 500px\" \/><\/figure>\n<\/figure>\n\n\n\n<figure class=\"wp-block-gallery has-nested-images columns-default is-cropped wp-block-gallery-5 is-layout-flex wp-block-gallery-is-layout-flex\">\n<figure class=\"wp-block-image size-large\"><img loading=\"lazy\" decoding=\"async\" width=\"500\" height=\"333\" data-id=\"141\" src=\"https:\/\/nimitsaitis.nl\/wp-content\/uploads\/2024\/04\/IMG_5216klein.jpg\" alt=\"\" class=\"wp-image-141\" srcset=\"https:\/\/nimitsaitis.nl\/wp-content\/uploads\/2024\/04\/IMG_5216klein.jpg 500w, https:\/\/nimitsaitis.nl\/wp-content\/uploads\/2024\/04\/IMG_5216klein-300x200.jpg 300w\" sizes=\"auto, (max-width: 500px) 100vw, 500px\" \/><\/figure>\n\n\n\n<figure class=\"wp-block-image size-large\"><img loading=\"lazy\" decoding=\"async\" width=\"500\" height=\"333\" data-id=\"142\" src=\"https:\/\/nimitsaitis.nl\/wp-content\/uploads\/2024\/04\/klaas-klein.jpg\" alt=\"\" class=\"wp-image-142\" srcset=\"https:\/\/nimitsaitis.nl\/wp-content\/uploads\/2024\/04\/klaas-klein.jpg 500w, https:\/\/nimitsaitis.nl\/wp-content\/uploads\/2024\/04\/klaas-klein-300x200.jpg 300w\" sizes=\"auto, (max-width: 500px) 100vw, 500px\" \/><\/figure>\n\n\n\n<figure class=\"wp-block-image size-large\"><img loading=\"lazy\" decoding=\"async\" width=\"500\" height=\"333\" data-id=\"143\" src=\"https:\/\/nimitsaitis.nl\/wp-content\/uploads\/2024\/04\/spaghetti-2-klein.jpg\" alt=\"\" class=\"wp-image-143\" srcset=\"https:\/\/nimitsaitis.nl\/wp-content\/uploads\/2024\/04\/spaghetti-2-klein.jpg 500w, https:\/\/nimitsaitis.nl\/wp-content\/uploads\/2024\/04\/spaghetti-2-klein-300x200.jpg 300w\" sizes=\"auto, (max-width: 500px) 100vw, 500px\" \/><\/figure>\n<\/figure>\n","protected":false},"excerpt":{"rendered":"<p>De Spanjaarden binne fuort en lokkich is de oarloch foarby&#8230;. De Lytse Fjouwere wie dit wykein it dek\u00f4r fan de Slach by Boksum; toanielstik Bokke&#8217;s besonjes, spile troch wol 14 doarpsbewenners \u00fat de Fjouwer doarpen. Tank oan elkenien, dy &#8216;t \u00fas holpen hat, by \u00fas stik west hat te sjen of op in oare manier&hellip; <a class=\"more-link\" href=\"https:\/\/nimitsaitis.nl\/?page_id=126\">L\u00eas fierder <span class=\"screen-reader-text\">Nijs<\/span><\/a><\/p>\n","protected":false},"author":2,"featured_media":0,"parent":0,"menu_order":0,"comment_status":"closed","ping_status":"closed","template":"","meta":{"footnotes":""},"class_list":["post-126","page","type-page","status-publish","hentry","entry"],"_links":{"self":[{"href":"https:\/\/nimitsaitis.nl\/index.php?rest_route=\/wp\/v2\/pages\/126","targetHints":{"allow":["GET"]}}],"collection":[{"href":"https:\/\/nimitsaitis.nl\/index.php?rest_route=\/wp\/v2\/pages"}],"about":[{"href":"https:\/\/nimitsaitis.nl\/index.php?rest_route=\/wp\/v2\/types\/page"}],"author":[{"embeddable":true,"href":"https:\/\/nimitsaitis.nl\/index.php?rest_route=\/wp\/v2\/users\/2"}],"replies":[{"embeddable":true,"href":"https:\/\/nimitsaitis.nl\/index.php?rest_route=%2Fwp%2Fv2%2Fcomments&post=126"}],"version-history":[{"count":22,"href":"https:\/\/nimitsaitis.nl\/index.php?rest_route=\/wp\/v2\/pages\/126\/revisions"}],"predecessor-version":[{"id":233,"href":"https:\/\/nimitsaitis.nl\/index.php?rest_route=\/wp\/v2\/pages\/126\/revisions\/233"}],"wp:attachment":[{"href":"https:\/\/nimitsaitis.nl\/index.php?rest_route=%2Fwp%2Fv2%2Fmedia&parent=126"}],"curies":[{"name":"wp","href":"https:\/\/api.w.org\/{rel}","templated":true}]}}