{"id":63,"date":"2023-08-10T10:58:26","date_gmt":"2023-08-10T10:58:26","guid":{"rendered":"https:\/\/nimitsaitis.nl\/?page_id=63"},"modified":"2023-08-20T06:17:35","modified_gmt":"2023-08-20T06:17:35","slug":"frijwilliger","status":"publish","type":"page","link":"https:\/\/nimitsaitis.nl\/?page_id=63","title":{"rendered":"Frijwilliger"},"content":{"rendered":"\n<p>Doch mei as frijwilliger by Nim it sa &#8216;t is! Help \u00fas skitterjen as dekorbouwer, kost\u00fam\u00fbntwerper of toanieloanklean-ekspert! Bisto pasjonearre troch kreativiteit en te\u00e4ter? Wolst in wichtige rol spylje yn it ta libben bringen fan \u00fas foarstellingen? Wurd dan in part fan \u00fas team fan frijwilligers by Nim it sa &#8216;t is en jou kleur oan it poadium! Wat wy sykje: <\/p>\n\n\n\n<p><strong>Dekorbouwers<\/strong>: Handige hannen dy &#8216;t dreamen omsette yn prachtige dek\u00f4rs. As dek\u00f4rbouwer joust letterlik foarm oan de wr\u00e2ld fan \u00fas foarstellingen. <\/p>\n\n\n\n<p><strong>Kost\u00faum\u00fbntwerper<\/strong>s: Mode en te\u00e4ter byinoar brocht! Untwerp en meitsje kost\u00fams dy &#8216;t de personaazjes ta libben bringe en it publyk betsjoene. <\/p>\n\n\n\n<p><strong>Toanieloankleanseksperts<\/strong>: Kre\u00eber sfearen en ambi\u00e2nse troch de goede dekorstikken en arranzjeminten. Dyn artistike each sil it publyk yn de goede stimming bringe. <\/p>\n\n\n\n<p><strong>Ynstek(ker)ster: <\/strong>Help us de teksten deryn te krijen.<\/p>\n\n\n\n<p>Wat wy biede: In ynspirearjende en aardige omjouwing om dyn passy foar kreativiteit en te\u00e4ter te uterjen. Gearwurking mei lykstimde yndividu\u00ebn en de k\u00e2ns om nije freonen te meitsjen binnen de mienskip. De mooglikheid om efter de skermen te wurkjen en te sjen hoe &#8216;t dyn bydrage bydraacht oan magyske teaterfoarstellingen. <br><\/p>\n\n\n\n<p>Hoe &#8216; tst meidwaan kinst: Klear om diel \u00fat te meitsjen fan \u00fas team? Skilje us efkes en jou oan hokker rol dyn ynteresse hat. Wy ferwolkomje ent\u00fbsjaste begjinners en \u00fbnderfine teaterleafhawwers om mei \u00fas \u00fbnferjitlike mominten te kre\u00ebarjen. Tegearre litte wy it te\u00e4ter strielje! Doch hjoed noch mei mei Nim it sa &#8216;t is en help \u00fas om keunst ta libben te bringen. Wy sjogge dernei \u00fat om mei dy gear te wurkjen en mei-inoar magy te kre\u00ebarjen op it poadium!<\/p>\n","protected":false},"excerpt":{"rendered":"<p>Doch mei as frijwilliger by Nim it sa &#8216;t is! Help \u00fas skitterjen as dekorbouwer, kost\u00fam\u00fbntwerper of toanieloanklean-ekspert! Bisto pasjonearre troch kreativiteit en te\u00e4ter? Wolst in wichtige rol spylje yn it ta libben bringen fan \u00fas foarstellingen? Wurd dan in part fan \u00fas team fan frijwilligers by Nim it sa &#8216;t is en jou kleur&hellip; <a class=\"more-link\" href=\"https:\/\/nimitsaitis.nl\/?page_id=63\">L\u00eas fierder <span class=\"screen-reader-text\">Frijwilliger<\/span><\/a><\/p>\n","protected":false},"author":1,"featured_media":0,"parent":0,"menu_order":0,"comment_status":"closed","ping_status":"closed","template":"","meta":{"footnotes":""},"class_list":["post-63","page","type-page","status-publish","hentry","entry"],"_links":{"self":[{"href":"https:\/\/nimitsaitis.nl\/index.php?rest_route=\/wp\/v2\/pages\/63","targetHints":{"allow":["GET"]}}],"collection":[{"href":"https:\/\/nimitsaitis.nl\/index.php?rest_route=\/wp\/v2\/pages"}],"about":[{"href":"https:\/\/nimitsaitis.nl\/index.php?rest_route=\/wp\/v2\/types\/page"}],"author":[{"embeddable":true,"href":"https:\/\/nimitsaitis.nl\/index.php?rest_route=\/wp\/v2\/users\/1"}],"replies":[{"embeddable":true,"href":"https:\/\/nimitsaitis.nl\/index.php?rest_route=%2Fwp%2Fv2%2Fcomments&post=63"}],"version-history":[{"count":5,"href":"https:\/\/nimitsaitis.nl\/index.php?rest_route=\/wp\/v2\/pages\/63\/revisions"}],"predecessor-version":[{"id":94,"href":"https:\/\/nimitsaitis.nl\/index.php?rest_route=\/wp\/v2\/pages\/63\/revisions\/94"}],"wp:attachment":[{"href":"https:\/\/nimitsaitis.nl\/index.php?rest_route=%2Fwp%2Fv2%2Fmedia&parent=63"}],"curies":[{"name":"wp","href":"https:\/\/api.w.org\/{rel}","templated":true}]}}